{"id":304,"date":"2018-08-13T20:25:13","date_gmt":"2018-08-13T20:25:13","guid":{"rendered":"http:\/\/lwh.xyzsiteholder.ca\/?page_id=304"},"modified":"2023-07-13T13:28:42","modified_gmt":"2023-07-13T13:28:42","slug":"questions-frequentes","status":"publish","type":"page","link":"https:\/\/littlewhitehorse.com\/fr\/questions-frequentes\/","title":{"rendered":"Questions Fr\u00e9quentes"},"content":{"rendered":"\n\t<section class=\"section\" id=\"section_114493029\">\n\t\t<div class=\"bg section-bg fill bg-fill  bg-loaded\" >\n\n\t\t\t\n\t\t\t\n\t\t\t\n\n\t\t<\/div><!-- .section-bg -->\n\n\t\t<div class=\"section-content relative\">\n\t\t\t\n\n<div class=\"row\"  id=\"row-1754849193\">\n\n<div class=\"col small-12 large-12\"  ><div class=\"col-inner\"  >\n\n<h2>Questions Fr\u00e9quentes<\/h2>\n<h3 class=\"accordion_title\">Optimum Thrush Away<\/h3><div class=\"accordion\" rel=\"\">\n\n<div class=\"accordion-item\"><a href=\"#\" class=\"accordion-title plain\"><button class=\"toggle\"><i class=\"icon-angle-down\"><\/i><\/button><span>Pourquoi utiliser Optimum Thrush Away au lieu d\u2019un autre produit?<\/span><\/a><div class=\"accordion-inner\">\n\n<p>Optimum Thrush Away agit instantan\u00e9ment au contact. Il est sans odeur pour le cheval et pour vous et il est facile \u00e0 appliquer avec le fusil applicateur.<\/p>\n<p>La quantit\u00e9 d\u2019Optimum Thrush Away est comparable \u00e0 5 fois le rendement des produits existants sur le march\u00e9. Et mieux encore, il n\u2019y a quasiment aucune perte lors de son application car il agit en quelques secondes.<\/p>\n\n<\/div><\/div>\n<div class=\"accordion-item\"><a href=\"#\" class=\"accordion-title plain\"><button class=\"toggle\"><i class=\"icon-angle-down\"><\/i><\/button><span>Quelle est la posologie indiqu\u00e9e?<\/span><\/a><div class=\"accordion-inner\">\n\n<p>Lorsque vous d\u00e9tectez un signe clinique de \u00abthrush\u00bb, commencez le traitement d\u2019Optimum Thrush Away de la fa\u00e7on suivante : Appliquez Optimum Thrush Away une \u00e0 deux fois par jour pendant environ une semaine ou jusqu\u2019\u00e0 la disparition des zones infectes et humides. Assurez-vous que la zone devient s\u00e8che et durcit avec le traitement. Continuez d\u2019appliquer Optimum Thrush Away une fois par jour pendant les trois \u00e0 quatre jours suivants pour l\u2019\u00e9limination compl\u00e8te du champignon. N\u2019utilisez pas Optimum Thrush Away comme produit de pr\u00e9vention, mais bel et bien comme traitement lors de l\u2019apparition du \u00abthrush\u00bb, de la maladie de la ligne blanche et de pourriture de fourchette.<\/p>\n\n<\/div><\/div>\n<div class=\"accordion-item\"><a href=\"#\" class=\"accordion-title plain\"><button class=\"toggle\"><i class=\"icon-angle-down\"><\/i><\/button><span>Comment appliquer Optimum Thrush Away?<\/span><\/a><div class=\"accordion-inner\">\n\n<p>Lors de l\u2019application de Optimum Thrush Away, il vaut mieux utiliser des gants de protection et vaporiser seulement la zone infect\u00e9e du sabot. Les zones les plus fr\u00e9quemment touch\u00e9es sont l\u2019int\u00e9rieur des lacunes lat\u00e9rales, le contour de la ligne blanche ainsi que la lacune m\u00e9diane de la fourchette. Pour cette derni\u00e8re, si le sillon est profond, utilisez un petit b\u00e2ton de bois pour ouvrir la cavit\u00e9. Veuillez faire attention, car si cette zone est infect\u00e9e, elle peut \u00eatre tr\u00e8s sensible pour le cheval. Laissez agir le liquide une dizaine de secondes et reposez le pied au sol. L\u2019efficacit\u00e9 d\u2019Optimum Thrush Away permet d\u2019\u00e9liminer les champignons et bact\u00e9ries saprophytes au contact du liquide. N\u2019appliquez pas Optimum Thrush Away sur la peau du cheval et ne l\u2019utilisez pas pour un bassin de trempage, car cela pourrait occasionner des l\u00e9sions au niveau des tissus sains aux glomes et ceux de la bande coronaire.<\/p>\n\n<\/div><\/div>\n<div class=\"accordion-item\"><a href=\"#\" class=\"accordion-title plain\"><button class=\"toggle\"><i class=\"icon-angle-down\"><\/i><\/button><span>Comment appliquer Optimum Thrush Away pour chevaux ferr\u00e9s?<\/span><\/a><div class=\"accordion-inner\">\n\n<p>Lors d\u2019un ferrage, il se cr\u00e9e toujours un espace humide entre le fer et le sabot. L\u2019application d\u2019Optimum Thrush Away se fera apr\u00e8s la taille et le nettoyage du sabot et juste avant la pose du fer par le mar\u00e9chal-ferrant. Si le cheval a une propension \u00e0 d\u00e9velopper du thrush lorsqu\u2019il est ferr\u00e9 et s\u2019il est dans des conditions propices au d\u00e9veloppement de champignons (box et pacage humides non nettoy\u00e9s :restants de foin, fumier et urine), il est pr\u00e9f\u00e9rable de nettoyer le pied en profondeur le long du fer et de vaporiser Optimum Thrush Away deux \u00e0 trois fois par semaine en le laissant p\u00e9n\u00e9trer sous le fer pendant environ 30 secondes.<\/p>\n<p>Lorsque le ferrage n\u00e9cessite l\u2019utilisation d\u2019un pad, il sera alors n\u00e9cessaire de traiter en vaporisant abondamment toutes les parties du dessous du sabot avant la pose du pad et au retirement de ce dernier six \u00e0 huit semaines plus tard.<\/p>\n<p>Optimum Thrush Away peut \u00eatre utilis\u00e9 avec des fers d\u2019aluminium, d\u2019acier ou de composite. Il n\u2019affectera aucunement l\u2019efficacit\u00e9 lors de l\u2019utilisation d\u2019une colle \u00e0 base d\u2019\u00e9poxy ou d\u2019ur\u00e9thane.<\/p>\n\n<\/div><\/div>\n<div class=\"accordion-item\"><a href=\"#\" class=\"accordion-title plain\"><button class=\"toggle\"><i class=\"icon-angle-down\"><\/i><\/button><span>Est-ce que le produit fonctionne bien pour la maladie de la ligne blanche?<\/span><\/a><div class=\"accordion-inner\">\n\n<p>Le produit fonctionne \u00e0 merveille pour ce probl\u00e8me. Il traite au contact toute trace de champignons en quelques secondes. Et l\u2019\u2019application recommand\u00e9e permet d\u2019\u2019\u00e9liminer la maladie de la ligne blanche.<\/p>\n\n<\/div><\/div>\n<div class=\"accordion-item\"><a href=\"#\" class=\"accordion-title plain\"><button class=\"toggle\"><i class=\"icon-angle-down\"><\/i><\/button><span>Est-ce que le produit tache?<\/span><\/a><div class=\"accordion-inner\">\n\n<p>Non seulement Optimum Thrush Away ne tache pas, mais il est sans odeur.<\/p>\n\n<\/div><\/div>\n<div class=\"accordion-item\"><a href=\"#\" class=\"accordion-title plain\"><button class=\"toggle\"><i class=\"icon-angle-down\"><\/i><\/button><span>Est-ce que le produit se vend en plus petit format?<\/span><\/a><div class=\"accordion-inner\">\n\n<p>Non, mais vous pouvez toujours demander lorsque vous compl\u00e9tez votre achat dans le panier l\u2019ajout d\u2019une bouteille et d\u2019un applicateur de format plus petit pour transvider ou partager Optimum Thrush Away avec vos amis.<\/p>\n\n<\/div><\/div>\n\n<\/div>\n\t<div id=\"gap-1385894658\" class=\"gap-element clearfix\" style=\"display:block; height:auto;\">\n\t\t\n<style scope=\"scope\">\n\n#gap-1385894658 {\n  padding-top: 24px;\n}\n<\/style>\n\t<\/div>\n\t\n\n<h3 class=\"accordion_title\">G\u00e9n\u00e9ral<\/h3><div class=\"accordion\" rel=\"\">\n\n<div class=\"accordion-item\"><a href=\"#\" class=\"accordion-title plain\"><button class=\"toggle\"><i class=\"icon-angle-down\"><\/i><\/button><span>Quels sont les signes cliniques de pr\u00e9sence de \u00abthrush\u00bb?<\/span><\/a><div class=\"accordion-inner\">\n\n<p>Le \u00abthrush\u00bb se d\u00e9tecte par la pr\u00e9sence d\u2019une odeur forte et naus\u00e9abonde lors du nettoyage du sabot. L\u2019apparition d\u2019une zone noire fonc\u00e9e dont la texture est ramollie sera accompagn\u00e9e d\u2019une poudre humide et blanche. Il est caus\u00e9 par la pr\u00e9sence d\u2019une infection fongique. Ne pas se confondre avec l\u2019exfoliation de la sole qui est une poudre blanche crayeuse et s\u00e8che.<\/p>\n\n<\/div><\/div>\n<div class=\"accordion-item\"><a href=\"#\" class=\"accordion-title plain\"><button class=\"toggle\"><i class=\"icon-angle-down\"><\/i><\/button><span>Plus d'information bient\u00f4t!<\/span><\/a><div class=\"accordion-inner\">\n\n\n<\/div><\/div>\n\n<\/div>\n\t<div id=\"gap-524671661\" class=\"gap-element clearfix\" style=\"display:block; height:auto;\">\n\t\t\n<style scope=\"scope\">\n\n#gap-524671661 {\n  padding-top: 24px;\n}\n<\/style>\n\t<\/div>\n\t\n\n<span class=\"scroll-to\" data-label=\"Scroll to: #shippingpolicy\" data-bullet=\"false\" data-link=\"#shippingpolicy\" data-title=\"shipping scroll\"><a name=\"shippingpolicy\"><\/a><\/span>\n\n<h3 class=\"accordion_title\">Politique de livraison et de retour<\/h3><div class=\"accordion\" rel=\"\">\n\n<div class=\"accordion-item\"><a href=\"#\" class=\"accordion-title plain\"><button class=\"toggle\"><i class=\"icon-angle-down\"><\/i><\/button><span>Peut-il \u00eatre envoy\u00e9 partout aux \u00c9tat-Unis?<\/span><\/a><div class=\"accordion-inner\">\n\n<p>Oui certainement. Partout au Canada et aux \u00c9tats-Unis.<\/p>\n\n<\/div><\/div>\n<div class=\"accordion-item\"><a href=\"#\" class=\"accordion-title plain\"><button class=\"toggle\"><i class=\"icon-angle-down\"><\/i><\/button><span>Quelle est la politique de retour?<\/span><\/a><div class=\"accordion-inner\">\n\n<p>Nous croyons tellement en l\u2019efficacit\u00e9 de nos produits que nous vous promettons de le reprendre si vous n\u2019\u00eates pas satisfait. Nous vous prions de communiquer avec le service \u00e0 la client\u00e8le pour obtenir la marche \u00e0 suivre pour un remboursement.<\/p>\n<p>Service \u00e0 la client\u00e8le:<br \/>\n514-924-6262<\/p>\n\n<\/div><\/div>\n\n<\/div>\n\n<\/div><\/div>\n\n<\/div>\n\n\t\t<\/div><!-- .section-content -->\n\n\t\t\n<style scope=\"scope\">\n\n#section_114493029 {\n  padding-top: 30px;\n  padding-bottom: 30px;\n}\n<\/style>\n\t<\/section>\n\t\n\n","protected":false},"excerpt":{"rendered":"","protected":false},"author":1,"featured_media":0,"parent":0,"menu_order":0,"comment_status":"closed","ping_status":"closed","template":"page-blank.php","meta":{"footnotes":""},"class_list":["post-304","page","type-page","status-publish","hentry"],"_links":{"self":[{"href":"https:\/\/littlewhitehorse.com\/fr\/wp-json\/wp\/v2\/pages\/304","targetHints":{"allow":["GET"]}}],"collection":[{"href":"https:\/\/littlewhitehorse.com\/fr\/wp-json\/wp\/v2\/pages"}],"about":[{"href":"https:\/\/littlewhitehorse.com\/fr\/wp-json\/wp\/v2\/types\/page"}],"author":[{"embeddable":true,"href":"https:\/\/littlewhitehorse.com\/fr\/wp-json\/wp\/v2\/users\/1"}],"replies":[{"embeddable":true,"href":"https:\/\/littlewhitehorse.com\/fr\/wp-json\/wp\/v2\/comments?post=304"}],"version-history":[{"count":15,"href":"https:\/\/littlewhitehorse.com\/fr\/wp-json\/wp\/v2\/pages\/304\/revisions"}],"predecessor-version":[{"id":3286,"href":"https:\/\/littlewhitehorse.com\/fr\/wp-json\/wp\/v2\/pages\/304\/revisions\/3286"}],"wp:attachment":[{"href":"https:\/\/littlewhitehorse.com\/fr\/wp-json\/wp\/v2\/media?parent=304"}],"curies":[{"name":"wp","href":"https:\/\/api.w.org\/{rel}","templated":true}]}}