{"id":301,"date":"2018-07-28T04:39:13","date_gmt":"2018-07-28T04:39:13","guid":{"rendered":"http:\/\/lwh.xyzsiteholder.ca\/?page_id=301"},"modified":"2024-03-29T17:46:27","modified_gmt":"2024-03-29T17:46:27","slug":"politique-de-confidentialite","status":"publish","type":"page","link":"https:\/\/littlewhitehorse.com\/fr\/politique-de-confidentialite\/","title":{"rendered":"Politique de confidentialit\u00e9"},"content":{"rendered":"\n<h3>Votre vie priv\u00e9e est d&rsquo;une importance primordiale pour nous.<\/h3>\nIl est de la politique de Little White Horse Enr. de respecter votre vie priv\u00e9e en ce qui concerne toute information que nous pourrions collecter lors de l&rsquo;exploitation de notre site Web. Cette politique de confidentialit\u00e9 s&rsquo;applique \u00e0 <a href=\"https:\/\/littlewhitehorse.com\">https:\/\/littlewhitehorse.com<\/a> (ci-apr\u00e8s, \u00ab\u00a0nous\u00a0\u00bb, \u00ab\u00a0notre\u00a0\u00bb, ou \u00ab\u00a0https:\/\/littlewhitehorse.com\u00a0\u00bb). Nous respectons votre vie priv\u00e9e et nous nous engageons \u00e0 prot\u00e9ger les informations personnelles identifiables que vous pouvez nous fournir via le site Web. Nous avons adopt\u00e9 cette politique de confidentialit\u00e9 (\u00ab\u00a0Politique de Confidentialit\u00e9\u00a0\u00bb) pour expliquer quelles informations peuvent \u00eatre collect\u00e9es sur notre site Web, comment nous utilisons ces informations et dans quelles circonstances nous pouvons divulguer les informations \u00e0 des tiers. Cette politique de confidentialit\u00e9 s&rsquo;applique uniquement aux informations que nous collectons via le site Web et ne s&rsquo;applique pas \u00e0 notre collecte d&rsquo;informations provenant d&rsquo;autres sources.\nCette politique de confidentialit\u00e9, ainsi que les termes et conditions publi\u00e9s sur notre site Web, \u00e9tablissent les r\u00e8gles et les politiques g\u00e9n\u00e9rales r\u00e9gissant votre utilisation de notre site Web. Selon vos activit\u00e9s lors de la visite de notre site Web, vous pourriez \u00eatre amen\u00e9 \u00e0 accepter des termes et conditions suppl\u00e9mentaires.\n\n<h2>Visiteurs du site Web<\/h2>\nComme la plupart des op\u00e9rateurs de sites Web, Little White Horse Enr. recueille des informations non personnellement identifiables du type que les navigateurs Web et les serveurs rendent g\u00e9n\u00e9ralement disponibles, telles que le type de navigateur, la pr\u00e9f\u00e9rence de langue, le site de r\u00e9f\u00e9rence, ainsi que la date et l&rsquo;heure de chaque requ\u00eate de visiteur. Le but de Little White Horse Enr. en recueillant des informations non personnellement identifiables est de mieux comprendre comment les visiteurs de Little White Horse Enr. utilisent son site Web. De temps en temps, Little White Horse Enr. peut divulguer des informations non personnellement identifiables de mani\u00e8re agr\u00e9g\u00e9e, par exemple en publiant un rapport sur les tendances d&rsquo;utilisation de son site Web.\nLittle White Horse Enr. collecte \u00e9galement des informations potentiellement personnellement identifiables comme les adresses de protocole Internet (IP) pour les utilisateurs connect\u00e9s et pour les utilisateurs laissant des commentaires sur les articles de blog de https:\/\/littlewhitehorse.com. Little White Horse Enr. ne divulgue les adresses IP des utilisateurs connect\u00e9s et des commentateurs que dans les m\u00eames circonstances qu&rsquo;elle utilise et divulgue des informations personnellement identifiables comme d\u00e9crit ci-dessous.\n\n<h2>Collecte d&rsquo;informations personnellement identifiables<\/h2>\nCertains visiteurs des sites Web de Little White Horse Enr. choisissent d&rsquo;interagir avec Little White Horse Enr. de mani\u00e8re \u00e0 n\u00e9cessiter que Little White Horse Enr. recueille des informations personnellement identifiables. La quantit\u00e9 et le type d&rsquo;information que Little White Horse Enr. recueille d\u00e9pendent de la nature de l&rsquo;interaction. Par exemple, nous demandons aux visiteurs qui s&rsquo;inscrivent pour un blog sur https:\/\/littlewhitehorse.com de fournir un nom d&rsquo;utilisateur et une adresse \u00e9lectronique.\n<h2>S\u00e9curit\u00e9<\/h2>\nLa s\u00e9curit\u00e9 de vos informations personnelles est importante pour nous, mais n&rsquo;oubliez pas qu&rsquo;aucune m\u00e9thode de transmission sur Internet, ou m\u00e9thode de stockage \u00e9lectronique n&rsquo;est 100% s\u00e9curis\u00e9e. Bien que nous nous efforcions d&rsquo;utiliser des moyens commercialement acceptables pour prot\u00e9ger vos informations personnelles, nous ne pouvons pas garantir leur s\u00e9curit\u00e9 absolue.\n<h2>Publicit\u00e9s<\/h2>\nLes annonces apparaissant sur notre site Web peuvent \u00eatre d\u00e9livr\u00e9es aux utilisateurs par des partenaires publicitaires, qui peuvent d\u00e9finir des cookies. Ces cookies permettent au serveur publicitaire de reconna\u00eetre votre ordinateur chaque fois qu&rsquo;ils vous envoient une publicit\u00e9 en ligne pour compiler des informations sur vous ou d&rsquo;autres personnes qui utilisent votre ordinateur. Ces informations permettent aux r\u00e9seaux publicitaires, entre autres choses, de diffuser des publicit\u00e9s cibl\u00e9es qu&rsquo;ils estiment \u00eatre d&rsquo;un int\u00e9r\u00eat maximal pour vous. Cette politique de confidentialit\u00e9 couvre l&rsquo;utilisation des cookies par Little White Horse Enr. et ne couvre pas l&rsquo;utilisation des cookies par les annonceurs.\n<h2>Liens vers des sites externes<\/h2>\nNotre service peut contenir des liens vers des sites externes qui ne sont pas exploit\u00e9s par nous. Si vous cliquez sur un lien de tiers, vous serez dirig\u00e9 vers le site de ce tiers. Nous vous conseillons fortement de revoir la politique de confidentialit\u00e9 et les termes et conditions de chaque site que vous visitez.\nNous n&rsquo;avons aucun contr\u00f4le sur, et n&rsquo;assumons aucune responsabilit\u00e9 pour le contenu, les politiques de confidentialit\u00e9 ou les pratiques de tout site, produit ou service tiers.\n\n<h2>https:\/\/littlewhitehorse.com utilise Google AdWords pour le remarketing<\/h2>\nhttps:\/\/littlewhitehorse.com utilise les services de remarketing pour faire de la publicit\u00e9 sur des sites Web tiers (y compris Google) \u00e0 des visiteurs pr\u00e9c\u00e9dents de notre site. Cela pourrait signifier que nous faisons de la publicit\u00e9 \u00e0 des visiteurs pr\u00e9c\u00e9dents qui n&rsquo;ont pas termin\u00e9 une t\u00e2che sur notre site, par exemple en utilisant le formulaire de contact pour faire une demande. Cela pourrait se pr\u00e9senter sous la forme d&rsquo;une annonce sur la page de r\u00e9sultats de recherche de Google, ou un site du R\u00e9seau Display de Google. Les fournisseurs tiers, y compris Google, utilisent des cookies pour diffuser des annonces en fonction des visites pass\u00e9es d&rsquo;un utilisateur. Bien s\u00fbr, toutes les donn\u00e9es recueillies seront utilis\u00e9es conform\u00e9ment \u00e0 notre propre politique de confidentialit\u00e9 et \u00e0 la politique de confidentialit\u00e9 de Google.\nVous pouvez d\u00e9finir vos pr\u00e9f\u00e9rences pour la mani\u00e8re dont Google vous fait de la publicit\u00e9 en utilisant la page Pr\u00e9f\u00e9rences pour les annonces de Google, et si vous le souhaitez, vous pouvez vous d\u00e9sinscrire de la publicit\u00e9 bas\u00e9e sur les int\u00e9r\u00eats en totalit\u00e9 par les param\u00e8tres des cookies ou de mani\u00e8re permanente en utilisant un plugin de navigateur.\n\n<h2>Statistiques agr\u00e9g\u00e9es<\/h2>\nLittle White Horse Enr. peut recueillir des statistiques sur le comportement des visiteurs de son site Web. Little White Horse Enr. peut afficher ces informations publiquement ou les fournir \u00e0 d&rsquo;autres. Cependant, Little White Horse Enr. ne divulgue pas vos informations personnellement identifiables.<\/p> <h2>Cookies<\/h2>\n<p>Pour enrichir et parfaire votre exp\u00e9rience en ligne, Little White Horse Enr. utilise des \u00ab\u00a0Cookies\u00a0\u00bb, des technologies similaires et des services fournis par des tiers pour afficher du contenu personnalis\u00e9, des publicit\u00e9s appropri\u00e9es et stocker vos pr\u00e9f\u00e9rences sur votre ordinateur.<\/p>\n<p>Un cookie est une suite d&rsquo;informations qu&rsquo;un site web stocke sur l&rsquo;ordinateur d&rsquo;un visiteur, et que le navigateur du visiteur fournit au site web \u00e0 chaque fois que le visiteur revient. Little White Horse Enr. utilise des cookies pour aider \u00e0 identifier et suivre les visiteurs, leur utilisation de https:\/\/littlewhitehorse.com, et leurs pr\u00e9f\u00e9rences d&rsquo;acc\u00e8s au site web. Les visiteurs de Little White Horse Enr. qui ne souhaitent pas avoir de cookies plac\u00e9s sur leurs ordinateurs doivent r\u00e9gler leurs navigateurs pour refuser les cookies avant d&rsquo;utiliser les sites web de Little White Horse Enr., avec l&rsquo;inconv\u00e9nient que certaines fonctionnalit\u00e9s des sites web de Little White Horse Enr. peuvent ne pas fonctionner correctement sans l&rsquo;aide des cookies.<\/p>\n<p>En continuant \u00e0 naviguer sur notre site web sans modifier vos param\u00e8tres de cookies, vous reconnaissez et acceptez l&rsquo;utilisation de cookies par Little White Horse Enr.<\/p>\n\n<h2>Commerce \u00e9lectronique<\/h2>\n<p>Ceux qui s&rsquo;engagent dans des transactions avec Little White Horse Enr. &#8211; en achetant les services ou produits de Little White Horse Enr., sont invit\u00e9s \u00e0 fournir des informations suppl\u00e9mentaires, y compris les informations personnelles et financi\u00e8res n\u00e9cessaires pour traiter ces transactions. Dans chaque cas, Little White Horse Enr. ne recueille ces informations que dans la mesure o\u00f9 elles sont n\u00e9cessaires ou appropri\u00e9es pour atteindre l&rsquo;objectif de l&rsquo;interaction du visiteur avec Little White Horse Enr.. Little White Horse Enr. ne divulgue pas d&rsquo;informations personnellement identifiables autrement que comme d\u00e9crit ci-dessous. Et les visiteurs peuvent toujours refuser de fournir des informations personnellement identifiables, avec la r\u00e9serve que cela peut les emp\u00eacher de participer \u00e0 certaines activit\u00e9s li\u00e9es au site web.<\/p>\n\n<h2>Modifications de la politique de confidentialit\u00e9<\/h2>\n<p>Bien que la plupart des modifications soient probablement mineures, Little White Horse Enr. peut modifier sa politique de confidentialit\u00e9 de temps \u00e0 autre, et \u00e0 la seule discr\u00e9tion de Little White Horse Enr. Nous encourageons les visiteurs \u00e0 consulter fr\u00e9quemment cette page pour tout changement de sa politique de confidentialit\u00e9. Votre utilisation continue de ce site apr\u00e8s tout changement dans cette politique de confidentialit\u00e9 constituera votre acceptation de ce changement.<\/p>\n\n<h2>D\u00e9l\u00e9gu\u00e9 aux griefs et \u00e0 la protection des donn\u00e9es<\/h2>\nSi vous avez des questions ou des pr\u00e9occupations concernant le traitement de vos informations personnelles sur notre site, vous pouvez envoyer un courriel \u00e0 notre responsable des griefs. Nous r\u00e9pondrons \u00e0 vos pr\u00e9occupations conform\u00e9ment \u00e0 la l\u00e9gislation applicable.\n<p><strong>Jasmin Lariv\u00e9e<\/br>\n \t485, chemin des Moulins, Mont-St-Hilaire (Qu\u00e9bec) J3G 4S6 CANADA<\/br>\nPhone: 514-554-7029<\/br>\n<a href=\"mailto:ajdistribution20@gmail.com\">ajdistribution20@gmail.com<\/a><\/strong><\/p>\n","protected":false},"excerpt":{"rendered":"<p>Votre vie priv\u00e9e est d&rsquo;une importance primordiale pour nous. Il est de la politique de Little White Horse Enr. de respecter votre vie priv\u00e9e en ce qui concerne toute information que nous pourrions collecter lors de l&rsquo;exploitation de notre site Web. Cette politique de confidentialit\u00e9 s&rsquo;applique \u00e0 https:\/\/littlewhitehorse.com (ci-apr\u00e8s, \u00ab\u00a0nous\u00a0\u00bb, \u00ab\u00a0notre\u00a0\u00bb, ou \u00ab\u00a0https:\/\/littlewhitehorse.com\u00a0\u00bb). Nous respectons [&#8230;]\n","protected":false},"author":1,"featured_media":0,"parent":0,"menu_order":0,"comment_status":"closed","ping_status":"closed","template":"","meta":{"footnotes":""},"class_list":["post-301","page","type-page","status-publish","hentry"],"_links":{"self":[{"href":"https:\/\/littlewhitehorse.com\/fr\/wp-json\/wp\/v2\/pages\/301","targetHints":{"allow":["GET"]}}],"collection":[{"href":"https:\/\/littlewhitehorse.com\/fr\/wp-json\/wp\/v2\/pages"}],"about":[{"href":"https:\/\/littlewhitehorse.com\/fr\/wp-json\/wp\/v2\/types\/page"}],"author":[{"embeddable":true,"href":"https:\/\/littlewhitehorse.com\/fr\/wp-json\/wp\/v2\/users\/1"}],"replies":[{"embeddable":true,"href":"https:\/\/littlewhitehorse.com\/fr\/wp-json\/wp\/v2\/comments?post=301"}],"version-history":[{"count":8,"href":"https:\/\/littlewhitehorse.com\/fr\/wp-json\/wp\/v2\/pages\/301\/revisions"}],"predecessor-version":[{"id":3349,"href":"https:\/\/littlewhitehorse.com\/fr\/wp-json\/wp\/v2\/pages\/301\/revisions\/3349"}],"wp:attachment":[{"href":"https:\/\/littlewhitehorse.com\/fr\/wp-json\/wp\/v2\/media?parent=301"}],"curies":[{"name":"wp","href":"https:\/\/api.w.org\/{rel}","templated":true}]}}