{"id":294,"date":"2018-08-13T20:21:44","date_gmt":"2018-08-13T20:21:44","guid":{"rendered":"http:\/\/lwh.xyzsiteholder.ca\/?page_id=294"},"modified":"2023-07-13T13:36:49","modified_gmt":"2023-07-13T13:36:49","slug":"a-propos","status":"publish","type":"page","link":"https:\/\/littlewhitehorse.com\/fr\/a-propos\/","title":{"rendered":"\u00c0 Propos"},"content":{"rendered":"\n\t<section class=\"section\" id=\"section_1060548010\">\n\t\t<div class=\"bg section-bg fill bg-fill  bg-loaded\" >\n\n\t\t\t\n\t\t\t\n\t\t\t\n\n\t\t<\/div><!-- .section-bg -->\n\n\t\t<div class=\"section-content relative\">\n\t\t\t\n\n<div class=\"row\"  id=\"row-1029823039\">\n\n<div class=\"col medium-6 small-12 large-6\"  ><div class=\"col-inner\"  >\n<h2>Qui sommes-nous<\/h2>\nLittle White Horse est une entreprise fond\u00e9e par Optimum Solutions. L\u2019aventure d\u00e9bute en 2017, Optimum Solutions investit afin d\u2019offrir des soins aux chevaux. Ayant plusieurs chevaux \u00e0 la maison demandant des soins de pieds et habile des ses mains, il d\u00e9cide de poursuivre dans cette voie en devenant pareur naturel. Au fil de ses formations, il se d\u00e9couvre une passion au-del\u00e0 des chevaux; celle de comprendre, soigner et parer les sabots.\n\n<\/div><\/div>\n<div class=\"col medium-6 small-12 large-6\"  ><div class=\"col-inner\"  >\n\n\t<div class=\"img has-hover x md-x lg-x y md-y lg-y\" id=\"image_1813407112\">\n\t\t\t\t\t\t\t\t<div class=\"img-inner dark\" >\n\t\t\t<img loading=\"lazy\" decoding=\"async\" width=\"800\" height=\"533\" src=\"https:\/\/littlewhitehorse.com\/wp-content\/uploads\/2018\/08\/about4.jpg\" class=\"attachment-large size-large\" alt=\"\" srcset=\"https:\/\/littlewhitehorse.com\/wp-content\/uploads\/2018\/08\/about4.jpg 800w, https:\/\/littlewhitehorse.com\/wp-content\/uploads\/2018\/08\/about4-510x340.jpg 510w, https:\/\/littlewhitehorse.com\/wp-content\/uploads\/2018\/08\/about4-600x400.jpg 600w, https:\/\/littlewhitehorse.com\/wp-content\/uploads\/2018\/08\/about4-768x512.jpg 768w\" sizes=\"auto, (max-width: 800px) 100vw, 800px\" \/>\t\t\t\t\t\t\n\t\t\t\t\t<\/div>\n\t\t\t\t\t\t\t\t\n<style scope=\"scope\">\n\n#image_1813407112 {\n  width: 100%;\n}\n<\/style>\n\t<\/div>\n\t\n\n<\/div><\/div>\n\n<\/div>\n\n\t\t<\/div><!-- .section-content -->\n\n\t\t\n<style scope=\"scope\">\n\n#section_1060548010 {\n  padding-top: 30px;\n  padding-bottom: 30px;\n}\n<\/style>\n\t<\/section>\n\t\n\t<section class=\"section\" id=\"section_313885320\">\n\t\t<div class=\"bg section-bg fill bg-fill  bg-loaded\" >\n\n\t\t\t\n\t\t\t\n\t\t\t\n\n\t\t<\/div><!-- .section-bg -->\n\n\t\t<div class=\"section-content relative\">\n\t\t\t\n\n<div class=\"row\"  id=\"row-413102291\">\n\n<div class=\"col medium-6 small-12 large-6\"  ><div class=\"col-inner\"  >\n\n\t<div class=\"img has-hover x md-x lg-x y md-y lg-y\" id=\"image_1242389016\">\n\t\t\t\t\t\t\t\t<div class=\"img-inner dark\" >\n\t\t\t<img loading=\"lazy\" decoding=\"async\" width=\"800\" height=\"533\" src=\"https:\/\/littlewhitehorse.com\/wp-content\/uploads\/2018\/08\/about2.jpg\" class=\"attachment-large size-large\" alt=\"\" srcset=\"https:\/\/littlewhitehorse.com\/wp-content\/uploads\/2018\/08\/about2.jpg 800w, https:\/\/littlewhitehorse.com\/wp-content\/uploads\/2018\/08\/about2-510x340.jpg 510w, https:\/\/littlewhitehorse.com\/wp-content\/uploads\/2018\/08\/about2-600x400.jpg 600w, https:\/\/littlewhitehorse.com\/wp-content\/uploads\/2018\/08\/about2-768x512.jpg 768w\" sizes=\"auto, (max-width: 800px) 100vw, 800px\" \/>\t\t\t\t\t\t\n\t\t\t\t\t<\/div>\n\t\t\t\t\t\t\t\t\n<style scope=\"scope\">\n\n#image_1242389016 {\n  width: 100%;\n}\n<\/style>\n\t<\/div>\n\t\n\n<\/div><\/div>\n<div class=\"col medium-6 small-12 large-6\"  ><div class=\"col-inner\"  >\n<h2>Pourquoi avons-nous commenc\u00e9 ?<\/h2>\nCette passion devenue profession, podologue \u00e9quin, Optimum Solutions fait de la sant\u00e9 des pieds des chevaux une priorit\u00e9.\n\nIl a fond\u00e9 depuis quelques ann\u00e9es la compagnie Little White Horse Enr. , Le Petit Cheval Blanc. Cette entreprise a pour but de mettre \u00e0 la port\u00e9e de tous des produits de qualit\u00e9 sup\u00e9rieure, prouv\u00e9s et test\u00e9s, pour le bien \u00eatre de nos \u00eatres chers, les chevaux.\n\n<\/div><\/div>\n\n<\/div>\n\n\t\t<\/div><!-- .section-content -->\n\n\t\t\n<style scope=\"scope\">\n\n#section_313885320 {\n  padding-top: 30px;\n  padding-bottom: 30px;\n  background-color: rgb(239, 239, 239);\n}\n<\/style>\n\t<\/section>\n\t\n","protected":false},"excerpt":{"rendered":"","protected":false},"author":1,"featured_media":297,"parent":0,"menu_order":0,"comment_status":"closed","ping_status":"closed","template":"page-blank.php","meta":{"footnotes":""},"class_list":["post-294","page","type-page","status-publish","has-post-thumbnail","hentry"],"_links":{"self":[{"href":"https:\/\/littlewhitehorse.com\/fr\/wp-json\/wp\/v2\/pages\/294","targetHints":{"allow":["GET"]}}],"collection":[{"href":"https:\/\/littlewhitehorse.com\/fr\/wp-json\/wp\/v2\/pages"}],"about":[{"href":"https:\/\/littlewhitehorse.com\/fr\/wp-json\/wp\/v2\/types\/page"}],"author":[{"embeddable":true,"href":"https:\/\/littlewhitehorse.com\/fr\/wp-json\/wp\/v2\/users\/1"}],"replies":[{"embeddable":true,"href":"https:\/\/littlewhitehorse.com\/fr\/wp-json\/wp\/v2\/comments?post=294"}],"version-history":[{"count":11,"href":"https:\/\/littlewhitehorse.com\/fr\/wp-json\/wp\/v2\/pages\/294\/revisions"}],"predecessor-version":[{"id":3289,"href":"https:\/\/littlewhitehorse.com\/fr\/wp-json\/wp\/v2\/pages\/294\/revisions\/3289"}],"wp:featuredmedia":[{"embeddable":true,"href":"https:\/\/littlewhitehorse.com\/fr\/wp-json\/wp\/v2\/media\/297"}],"wp:attachment":[{"href":"https:\/\/littlewhitehorse.com\/fr\/wp-json\/wp\/v2\/media?parent=294"}],"curies":[{"name":"wp","href":"https:\/\/api.w.org\/{rel}","templated":true}]}}