{"id":292,"date":"2018-08-13T20:20:51","date_gmt":"2018-08-13T20:20:51","guid":{"rendered":"http:\/\/lwh.xyzsiteholder.ca\/?page_id=292"},"modified":"2023-07-17T18:34:30","modified_gmt":"2023-07-17T18:34:30","slug":"accueil","status":"publish","type":"page","link":"https:\/\/littlewhitehorse.com\/fr\/","title":{"rendered":"Accueil"},"content":{"rendered":"\n\t<section class=\"section dark\" id=\"section_2103980981\">\n\t\t<div class=\"bg section-bg fill bg-fill  \" >\n\n\t\t\t\n\t\t\t<div class=\"section-bg-overlay absolute fill\"><\/div>\n\t\t\t\n\n\t\t<\/div><!-- .section-bg -->\n\n\t\t<div class=\"section-content relative\">\n\t\t\t\n\n<div class=\"row align-middle\"  id=\"row-1004015479\">\n\n<div class=\"col medium-9 small-12 large-9\"  ><div class=\"col-inner text-left\"  >\n\n\t<div id=\"gap-1016860212\" class=\"gap-element clearfix\" style=\"display:block; height:auto;\">\n\t\t\t<\/div>\n\t\n<h1 class=\"uppercase\">Les chevaux sont notre passion<\/h1>\n<h3>Produits de haute qualit\u00e9 de Little White Horse Enr.<\/h3>\n\t<div id=\"gap-153919942\" class=\"gap-element clearfix\" style=\"display:block; height:auto;\">\n\t\t\t<\/div>\n\t\n\n<a href=\"#optimum\" target=\"_self\" class=\"button primary lowercase\"  >\n    <span>En savoir plus<\/span>\n  <\/a>\n\n\n<\/div><\/div>\n<div class=\"col medium-3 small-12 large-3\"  ><div class=\"col-inner text-center\"  >\n\n\t<div id=\"gap-1531532420\" class=\"gap-element clearfix\" style=\"display:block; height:auto;\">\n\t\t\t<\/div>\n\t\n\n<\/div><\/div>\n\n\n<style scope=\"scope\">\n\n<\/style>\n<\/div>\n\n\t\t<\/div><!-- .section-content -->\n\n\t\t\n<style scope=\"scope\">\n\n#section_2103980981 {\n  padding-top: 100px;\n  padding-bottom: 100px;\n  min-height: 500px;\n}\n#section_2103980981 .section-bg-overlay {\n  background-color: rgba(0, 0, 0, 0.45);\n}\n#section_2103980981 .section-bg.bg-loaded {\n  background-image: url(https:\/\/littlewhitehorse.com\/wp-content\/uploads\/2018\/07\/horsebg1-e1532754444797.jpg);\n}\n<\/style>\n\t<\/section>\n\t\n<span class=\"scroll-to\" data-label=\"Scroll to: #optimum\" data-bullet=\"false\" data-link=\"#optimum\" data-title=\"Change this\"><a name=\"optimum\"><\/a><\/span>\n\n\t<section class=\"section\" id=\"section_1455800992\">\n\t\t<div class=\"bg section-bg fill bg-fill  bg-loaded\" >\n\n\t\t\t\n\t\t\t<div class=\"section-bg-overlay absolute fill\"><\/div>\n\t\t\t\n\n\t\t<\/div><!-- .section-bg -->\n\n\t\t<div class=\"section-content relative\">\n\t\t\t\n\n<div class=\"row align-middle\"  id=\"row-1110074080\">\n\n<div class=\"col medium-6 small-12 large-6\"  ><div class=\"col-inner\"  >\n\n\t<div class=\"img has-hover x md-x lg-x y md-y lg-y\" id=\"image_1720356115\">\n\t\t\t\t\t\t\t\t<div class=\"img-inner dark\" >\n\t\t\t<img loading=\"lazy\" decoding=\"async\" width=\"800\" height=\"533\" src=\"https:\/\/littlewhitehorse.com\/wp-content\/uploads\/2018\/10\/bottleimg1.jpg\" class=\"attachment-large size-large\" alt=\"\" srcset=\"https:\/\/littlewhitehorse.com\/wp-content\/uploads\/2018\/10\/bottleimg1.jpg 800w, https:\/\/littlewhitehorse.com\/wp-content\/uploads\/2018\/10\/bottleimg1-510x340.jpg 510w, https:\/\/littlewhitehorse.com\/wp-content\/uploads\/2018\/10\/bottleimg1-600x400.jpg 600w, https:\/\/littlewhitehorse.com\/wp-content\/uploads\/2018\/10\/bottleimg1-768x512.jpg 768w\" sizes=\"auto, (max-width: 800px) 100vw, 800px\" \/>\t\t\t\t\t\t\n\t\t\t\t\t<\/div>\n\t\t\t\t\t\t\t\t\n<style scope=\"scope\">\n\n#image_1720356115 {\n  width: 100%;\n}\n<\/style>\n\t<\/div>\n\t\n\n<\/div><\/div>\n<div class=\"col medium-6 small-12 large-6\"  ><div class=\"col-inner text-left\"  >\n<h2>Optimum Thrush Away<\/h2>\nOptimum Thrush Away est un liquide compos\u00e9 d\u2019\u00e9l\u00e9ments naturels qui permet le r\u00e9tablissement de la sant\u00e9 d\u2019un pied de cheval lors de la pr\u00e9sence et\/ou d\u2019une infestation de pourriture de la fourchette, \u00abthrush\u00bb.\n\nSon efficacit\u00e9 est surprenante d\u00fb \u00e0 la r\u00e9action instantan\u00e9e du produit. Lors de l\u2019application de Optimum Thrush Away, ce dernier agit en quelques secondes avant de remettre le pied au sol. Aucune attente et aucun risque de perte du produit dans la terre ou par le vent.\n\n<div class=\"row\"  id=\"row-1054844817\">\n\n<div class=\"col medium-6 small-12 large-6\"  ><div class=\"col-inner\"  >\n\n<a href=\"\/fr\/find-retailers\/\" target=\"_self\" class=\"button primary lowercase expand\"  >\n    <span>Trouver un d\u00e9taillant<\/span>\n  <\/a>\n\n\n<\/div><\/div>\n<div class=\"col medium-6 small-12 large-6\"  ><div class=\"col-inner\"  >\n\n<a href=\"\/fr\/optimum-thrush-away\/\" target=\"_self\" class=\"button primary is-outline lowercase expand\"  >\n    <span>En savoir plus<\/span>\n  <\/a>\n\n\n<\/div><\/div>\n\n<\/div>\n\n<\/div><\/div>\n\n\n<style scope=\"scope\">\n\n<\/style>\n<\/div>\n\n\t\t<\/div><!-- .section-content -->\n\n\t\t\n<style scope=\"scope\">\n\n#section_1455800992 {\n  padding-top: 60px;\n  padding-bottom: 60px;\n}\n#section_1455800992 .section-bg-overlay {\n  background-color: rgba(255, 255, 255, 0.85);\n}\n<\/style>\n\t<\/section>\n\t\n\t<section class=\"section\" id=\"section_790351949\">\n\t\t<div class=\"bg section-bg fill bg-fill  bg-loaded\" >\n\n\t\t\t\n\t\t\t<div class=\"section-bg-overlay absolute fill\"><\/div>\n\t\t\t\n\n\t\t<\/div><!-- .section-bg -->\n\n\t\t<div class=\"section-content relative\">\n\t\t\t\n\n<div class=\"row align-middle\"  id=\"row-293005374\">\n\n<div class=\"col medium-6 small-12 large-6\"  ><div class=\"col-inner text-left\"  >\n<h2>Qui sommes-nous<\/h2>\nLittle White Horse est une jeune entreprise fond\u00e9e par Optimum Solutions. L\u2019aventure d\u00e9bute lorsqu\u2019il y a une dizaine d\u2019ann\u00e9es, il investit afin d\u2019ouvrir une \u00e9curie. Ayant plusieurs chevaux \u00e0 la maison demandant des soins de pieds et habile des ses mains, il d\u00e9cide de poursuivre dans cette voie en devenant pareur naturel. Au fil de ses formations, il se d\u00e9couvre une passion au-del\u00e0 des chevaux; celle de comprendre, soigner et parer les sabots.\n\n<div class=\"row\"  id=\"row-339345140\">\n\n<div class=\"col medium-6 small-12 large-6\"  ><div class=\"col-inner\"  >\n\n<a href=\"\/fr\/a-propos\/\" target=\"_self\" class=\"button primary lowercase expand\"  >\n    <span>En savoir plus<\/span>\n  <\/a>\n\n\n<\/div><\/div>\n<div class=\"col hide-for-small medium-6 small-12 large-6\"  ><div class=\"col-inner\"  >\n\n<\/div><\/div>\n\n<\/div>\n\n<\/div><\/div>\n<div class=\"col medium-6 small-12 large-6\"  ><div class=\"col-inner\"  >\n\n\t<div class=\"img has-hover x md-x lg-x y md-y lg-y\" id=\"image_1379489804\">\n\t\t\t\t\t\t\t\t<div class=\"img-inner dark\" >\n\t\t\t<img loading=\"lazy\" decoding=\"async\" width=\"800\" height=\"533\" src=\"https:\/\/littlewhitehorse.com\/wp-content\/uploads\/2018\/08\/about2-1.jpg\" class=\"attachment-large size-large\" alt=\"\" srcset=\"https:\/\/littlewhitehorse.com\/wp-content\/uploads\/2018\/08\/about2-1.jpg 800w, https:\/\/littlewhitehorse.com\/wp-content\/uploads\/2018\/08\/about2-1-510x340.jpg 510w, https:\/\/littlewhitehorse.com\/wp-content\/uploads\/2018\/08\/about2-1-600x400.jpg 600w, https:\/\/littlewhitehorse.com\/wp-content\/uploads\/2018\/08\/about2-1-768x512.jpg 768w\" sizes=\"auto, (max-width: 800px) 100vw, 800px\" \/>\t\t\t\t\t\t\n\t\t\t\t\t<\/div>\n\t\t\t\t\t\t\t\t\n<style scope=\"scope\">\n\n#image_1379489804 {\n  width: 100%;\n}\n<\/style>\n\t<\/div>\n\t\n\n<\/div><\/div>\n\n\n<style scope=\"scope\">\n\n<\/style>\n<\/div>\n\n\t\t<\/div><!-- .section-content -->\n\n\t\t\n<style scope=\"scope\">\n\n#section_790351949 {\n  padding-top: 60px;\n  padding-bottom: 60px;\n  background-color: rgb(193, 193, 193);\n}\n#section_790351949 .section-bg-overlay {\n  background-color: rgba(255, 255, 255, 0.85);\n}\n<\/style>\n\t<\/section>\n\t\n\n\n","protected":false},"excerpt":{"rendered":"","protected":false},"author":1,"featured_media":0,"parent":0,"menu_order":0,"comment_status":"closed","ping_status":"closed","template":"page-blank.php","meta":{"footnotes":""},"class_list":["post-292","page","type-page","status-publish","hentry"],"_links":{"self":[{"href":"https:\/\/littlewhitehorse.com\/fr\/wp-json\/wp\/v2\/pages\/292","targetHints":{"allow":["GET"]}}],"collection":[{"href":"https:\/\/littlewhitehorse.com\/fr\/wp-json\/wp\/v2\/pages"}],"about":[{"href":"https:\/\/littlewhitehorse.com\/fr\/wp-json\/wp\/v2\/types\/page"}],"author":[{"embeddable":true,"href":"https:\/\/littlewhitehorse.com\/fr\/wp-json\/wp\/v2\/users\/1"}],"replies":[{"embeddable":true,"href":"https:\/\/littlewhitehorse.com\/fr\/wp-json\/wp\/v2\/comments?post=292"}],"version-history":[{"count":20,"href":"https:\/\/littlewhitehorse.com\/fr\/wp-json\/wp\/v2\/pages\/292\/revisions"}],"predecessor-version":[{"id":3321,"href":"https:\/\/littlewhitehorse.com\/fr\/wp-json\/wp\/v2\/pages\/292\/revisions\/3321"}],"wp:attachment":[{"href":"https:\/\/littlewhitehorse.com\/fr\/wp-json\/wp\/v2\/media?parent=292"}],"curies":[{"name":"wp","href":"https:\/\/api.w.org\/{rel}","templated":true}]}}